{"id":1888,"date":"2022-03-09T13:17:25","date_gmt":"2022-03-09T12:17:25","guid":{"rendered":"https:\/\/mjalloms.se\/om-mjalloms\/bageri\/"},"modified":"2022-06-29T16:23:59","modified_gmt":"2022-06-29T14:23:59","slug":"bakery","status":"publish","type":"page","link":"https:\/\/mjalloms.se\/en\/about-mjalloms\/bakery\/","title":{"rendered":"Bakery"},"content":{"rendered":"<p>[et_pb_section fb_built=&#8221;1&#8243; _builder_version=&#8221;4.17.3&#8243; _module_preset=&#8221;default&#8221; background_image=&#8221;https:\/\/mjalloms.se\/wp-content\/uploads\/2022\/05\/samlingsbild_1923_2.jpeg&#8221; background_position=&#8221;top_center&#8221; min_height=&#8221;50vh&#8221; custom_css_main_element=&#8221;display: flex;&#8221; locked=&#8221;off&#8221; global_colors_info=&#8221;{}&#8221;][et_pb_row custom_padding_last_edited=&#8221;on|phone&#8221; _builder_version=&#8221;4.16&#8243; _module_preset=&#8221;default&#8221; background_color=&#8221;#FFFFFF&#8221; background_image=&#8221;https:\/\/mjalloms.se\/wp-content\/uploads\/2022\/02\/Bakgrund_1366x1366.jpg&#8221; max_width=&#8221;40%&#8221; max_width_tablet=&#8221;100%&#8221; max_width_phone=&#8221;100%&#8221; max_width_last_edited=&#8221;on|phone&#8221; module_alignment=&#8221;left&#8221; custom_margin=&#8221;||||false|false&#8221; custom_padding=&#8221;5vw|5vw|5vw|5vw|false|false&#8221; custom_padding_tablet=&#8221;10vw|10vw|7.5vw|10vw|false|false&#8221; custom_padding_phone=&#8221;10vw|10vw|7.5vw|10vw|false|false&#8221; module_alignment_tablet=&#8221;center&#8221; module_alignment_phone=&#8221;center&#8221; module_alignment_last_edited=&#8221;on|desktop&#8221; border_color_all=&#8221;#000000&#8243; global_colors_info=&#8221;{}&#8221;][et_pb_column type=&#8221;4_4&#8243; _builder_version=&#8221;4.16&#8243; _module_preset=&#8221;default&#8221; global_colors_info=&#8221;{}&#8221;][et_pb_text _builder_version=&#8221;4.17.4&#8243; _module_preset=&#8221;dd3cfd20-3452-4bd4-94f6-e1e0e7a5607c&#8221; hover_enabled=&#8221;0&#8243; global_colors_info=&#8221;{}&#8221; sticky_enabled=&#8221;0&#8243;]<\/p>\n<p>About Mj\u00e4lloms Flatbread<\/p>\n<p>[\/et_pb_text][et_pb_text _builder_version=&#8221;4.17.4&#8243; _module_preset=&#8221;562ff1df-47dc-420b-b5b6-073a9712fcff&#8221; hover_enabled=&#8221;0&#8243; global_colors_info=&#8221;{}&#8221; sticky_enabled=&#8221;0&#8243;]<\/p>\n<h1>BAKERY<\/h1>\n<p>[\/et_pb_text][et_pb_text _builder_version=&#8221;4.17.4&#8243; _module_preset=&#8221;default&#8221; text_font=&#8221;Montserrat||||||||&#8221; text_text_color=&#8221;#FFFFFF&#8221; custom_margin=&#8221;||30px||false|false&#8221; hover_enabled=&#8221;0&#8243; global_colors_info=&#8221;{}&#8221; sticky_enabled=&#8221;0&#8243;]<\/p>\n<p>It is the craft that makes the difference &#8211; flatbread baking is a craft, a quest for balance. Balance between the fine ingredients, the right feeling in the dough and the heat from the hot oven. In our opinion, baking bread is a constant meeting between man, nature and ingredient.<\/p>\n<p>[\/et_pb_text][\/et_pb_column][\/et_pb_row][\/et_pb_section][et_pb_section fb_built=&#8221;1&#8243; _builder_version=&#8221;4.16&#8243; _module_preset=&#8221;default&#8221; background_color=&#8221;#fffef7&#8243; custom_padding=&#8221;||16px|||&#8221; global_colors_info=&#8221;{}&#8221;][et_pb_row _builder_version=&#8221;4.17.3&#8243; _module_preset=&#8221;default&#8221; max_width=&#8221;600px&#8221; global_colors_info=&#8221;{}&#8221;][et_pb_column type=&#8221;4_4&#8243; _builder_version=&#8221;4.16&#8243; _module_preset=&#8221;default&#8221; global_colors_info=&#8221;{}&#8221;][et_pb_image src=&#8221;https:\/\/mjalloms.se\/wp-content\/uploads\/2022\/05\/gokhan_och_eva.jpeg&#8221; alt=&#8221;bageri mj\u00e4lloms tunnbr\u00f6d&#8221; title_text=&#8221;gokhan_och_eva&#8221; _builder_version=&#8221;4.17.3&#8243; _module_preset=&#8221;default&#8221; global_colors_info=&#8221;{}&#8221;][\/et_pb_image][\/et_pb_column][\/et_pb_row][et_pb_row _builder_version=&#8221;4.17.3&#8243; _module_preset=&#8221;default&#8221; width=&#8221;100%&#8221; max_width=&#8221;500px&#8221; custom_margin=&#8221;0px|0px|0px|0px|false|false&#8221; custom_padding=&#8221;0px|0px|0px|0px|false|false&#8221; locked=&#8221;off&#8221; global_colors_info=&#8221;{}&#8221;][et_pb_column type=&#8221;4_4&#8243; _builder_version=&#8221;4.16&#8243; _module_preset=&#8221;default&#8221; global_colors_info=&#8221;{}&#8221;][et_pb_image src=&#8221;https:\/\/mjalloms.se\/wp-content\/uploads\/2022\/03\/7_Victoria.svg&#8221; title_text=&#8221;7_Victoria&#8221; disabled_on=&#8221;on|on|off&#8221; _builder_version=&#8221;4.17.3&#8243; _module_preset=&#8221;default&#8221; positioning=&#8221;absolute&#8221; position_origin_a=&#8221;center_left&#8221; horizontal_offset=&#8221;-80px&#8221; width=&#8221;100%&#8221; max_width=&#8221;600px&#8221; global_colors_info=&#8221;{}&#8221;][\/et_pb_image][\/et_pb_column][\/et_pb_row][et_pb_row column_structure=&#8221;1_2,1_2&#8243; _builder_version=&#8221;4.17.3&#8243; _module_preset=&#8221;default&#8221; max_width=&#8221;840px&#8221; global_colors_info=&#8221;{}&#8221;][et_pb_column type=&#8221;1_2&#8243; _builder_version=&#8221;4.16&#8243; _module_preset=&#8221;default&#8221; global_colors_info=&#8221;{}&#8221;][et_pb_text _builder_version=&#8221;4.17.4&#8243; _module_preset=&#8221;default&#8221; hover_enabled=&#8221;0&#8243; global_colors_info=&#8221;{}&#8221; sticky_enabled=&#8221;0&#8243;]<\/p>\n<h3>OUR BAKERY<\/h3>\n<p>Every day is a new challenge where the weather is a factor and affects baking. The humidity, heat and wind mean that both dough and baking are affected, and it is important to have a good sense for how the flatbread should taste, feel and look. The bakers constantly look at the dough, feel, note and adjust the amount of water and the thickness of the dough. Everything to bring out what we consider to be the perfect flatbread. The scent leads the way for our experienced bakers &#8211; as well as the feeling. The same goes for the golden color of the bread cake of course. Not to mention the reasonably large, baked bubbles that form in our 1946 baking oven.<\/p>\n<p>[\/et_pb_text][\/et_pb_column][et_pb_column type=&#8221;1_2&#8243; _builder_version=&#8221;4.16&#8243; _module_preset=&#8221;default&#8221; global_colors_info=&#8221;{}&#8221;][et_pb_text _builder_version=&#8221;4.17.4&#8243; _module_preset=&#8221;default&#8221; hover_enabled=&#8221;0&#8243; global_colors_info=&#8221;{}&#8221; sticky_enabled=&#8221;0&#8243;]<\/p>\n<p>Since 1923, we have gone from wood-fired ovens to an electric oven and mechanical rolling in the 40&#8217;s, which is still the heart of our flatbread baking. Maybe not that modern really but why change from a winning concept? We take the utmost care to preserve the unique character of our flatbread. Flatbread baking therefore follows the same steps as when the first dough was set.<\/p>\n<p>It is the craft that makes the difference.<\/p>\n<p>\u200b<\/p>\n<p>[\/et_pb_text][\/et_pb_column][\/et_pb_row][et_pb_row _builder_version=&#8221;4.16&#8243; _module_preset=&#8221;default&#8221; width=&#8221;100%&#8221; max_width=&#8221;100%&#8221; custom_margin=&#8221;0px|0px|0px|0px|false|false&#8221; custom_padding=&#8221;0px|0px|0px|0px|false|false&#8221; locked=&#8221;off&#8221; global_colors_info=&#8221;{}&#8221;][et_pb_column type=&#8221;4_4&#8243; _builder_version=&#8221;4.16&#8243; _module_preset=&#8221;default&#8221; global_colors_info=&#8221;{}&#8221;][et_pb_image src=&#8221;https:\/\/mjalloms.se\/wp-content\/uploads\/2022\/03\/2_Vattenkvarn.svg&#8221; title_text=&#8221;2_Vattenkvarn&#8221; disabled_on=&#8221;on|on|off&#8221; _builder_version=&#8221;4.17.3&#8243; _module_preset=&#8221;default&#8221; positioning=&#8221;absolute&#8221; position_origin_a=&#8221;center_right&#8221; horizontal_offset=&#8221;-200px&#8221; width=&#8221;100%&#8221; max_width=&#8221;600px&#8221; global_colors_info=&#8221;{}&#8221;][\/et_pb_image][\/et_pb_column][\/et_pb_row][et_pb_row column_structure=&#8221;1_2,1_2&#8243; _builder_version=&#8221;4.17.3&#8243; _module_preset=&#8221;default&#8221; max_width=&#8221;840px&#8221; global_colors_info=&#8221;{}&#8221;][et_pb_column type=&#8221;1_2&#8243; _builder_version=&#8221;4.16&#8243; _module_preset=&#8221;default&#8221; global_colors_info=&#8221;{}&#8221;][et_pb_text _builder_version=&#8221;4.17.4&#8243; _module_preset=&#8221;default&#8221; hover_enabled=&#8221;0&#8243; global_colors_info=&#8221;{}&#8221; sticky_enabled=&#8221;0&#8243;]<\/p>\n<h3>THIS IS THE PROCESS OF MAKING FLATBREAD<\/h3>\n<h4>The Bread Trough<\/h4>\n<p>This is where the dough&#8217;s journey begins. The dough is set by hand by the trough mixer. Flour, water and ingredients selected by us are poured into the baking trough according to the recipe. The trough mixer gently feels the hot dough to ensure that it has the right consistency. That it is ready to be baked out, simply. If not, adjust the amount of water until the trough mixer feels that the dough is of the right quality, and of course the right resting time in the pot.<\/p>\n<h4>The Bread Trolley<\/h4>\n<p>In the trolley, our doughs are allowed to rest and ferment before being brought down to the rolling pin. The trough mixer works with his usual hand and tips the dough into the trolley with the dough spatula. Dough generally feels good from darkness and rest, so does ours. The resting time for the different flatbread varieties are different, where some varieties need longer time than others.<\/p>\n<h4>The Rolling Mill<\/h4>\n<p>In 1946, Master Blacksmith Erik Ahlenius and Grandma Rut designed our ingenious rolling mill that could roll out the flatbread dough automatically. Even today, the thin dough is rolled in the same rollers. The distance of the rollers is adjusted by the baker and can be changed from day to day depending on the quality of the dough.<\/p>\n<h4>Stamps<\/h4>\n<p>After rolling out, the thickness and consistency of the dough is checked with the help of the so-called punch-out stamps. The baker forms a small lump of dough in his hand with the help of the stamp and then checks that the dough has the right consistency and weight.<\/p>\n<p>[\/et_pb_text][\/et_pb_column][et_pb_column type=&#8221;1_2&#8243; _builder_version=&#8221;4.16&#8243; _module_preset=&#8221;default&#8221; global_colors_info=&#8221;{}&#8221;][et_pb_text _builder_version=&#8221;4.17.4&#8243; _module_preset=&#8221;default&#8221; hover_enabled=&#8221;0&#8243; global_colors_info=&#8221;{}&#8221; sticky_enabled=&#8221;0&#8243;]<\/p>\n<h4>Fragrance<\/h4>\n<p>To protect the bread from being burned in the hot oven and to prevent the dough from sticking to the notch, we pour a little flour, so-called fragrant flour. The flour also has an encapsulating effect that binds the taste of cereals and gives the bread its true golden-baked character.<\/p>\n<h4>Notching<\/h4>\n<p>We notch the bread to get the just right size bubbles on the bread cake. The notch also means that the bread is baked through and gets its crispy character.<\/p>\n<h4>Baking<\/h4>\n<p>The dough is baked on both sides in high heat to get the right color, taste and crunchiness. It is a craft, where each baked flatbread is different from the other. The baking and time for the flatbread cakes in the oven varies slightly and is affected by weather and wind from day to day and hour to hour.<\/p>\n<h4>Brushing<\/h4>\n<p>After baking, we brush off excess flour. The fragrance flour has fulfilled its function and helped to encapsulate the flavors. We also do not want you to get flour in your lap when you enjoy our good flatbread. Afterwards, the breads are cooled and packed quickly &#8211; that is why our flatbread is perceived as freshly baked when you open the package. The flatbread that is baked by us can never be baked anywhere else. Grandma Rut&#8217;s food crafts are still baked in a bay in the heart of The High Coast.<\/p>\n<p>[\/et_pb_text][\/et_pb_column][\/et_pb_row][\/et_pb_section]<\/p>\n","protected":false},"excerpt":{"rendered":"<p>About Mj\u00e4lloms FlatbreadBAKERYIt is the craft that makes the difference &#8211; flatbread baking is a craft, a quest for balance. Balance between the fine ingredients, the right feeling in the dough and the heat from the hot oven. In our opinion, baking bread is a constant meeting between man, nature and ingredient.OUR BAKERY Every day [&hellip;]<\/p>\n","protected":false},"author":8,"featured_media":1843,"parent":1842,"menu_order":0,"comment_status":"closed","ping_status":"closed","template":"","meta":{"_acf_changed":false,"_et_pb_use_builder":"on","_et_pb_old_content":"","_et_gb_content_width":"","footnotes":""},"class_list":["post-1888","page","type-page","status-publish","has-post-thumbnail","hentry"],"acf":[],"yoast_head":"<!-- This site is optimized with the Yoast SEO plugin v27.4 - https:\/\/yoast.com\/product\/yoast-seo-wordpress\/ -->\n<title>Bakery - Mj\u00e4lloms Tunnbr\u00f6d<\/title>\n<meta name=\"description\" content=\"Tunnbr\u00f6dsbakning \u00e4r ett hantverk, en str\u00e4van efter balans. Balans mellan de fina r\u00e5varorna, r\u00e4tt k\u00e4nsla i degen och v\u00e4rmen fr\u00e5n den heta ugnen\" \/>\n<meta name=\"robots\" content=\"index, follow, max-snippet:-1, max-image-preview:large, max-video-preview:-1\" \/>\n<link rel=\"canonical\" href=\"https:\/\/mjalloms.se\/en\/about-mjalloms\/bakery\/\" \/>\n<meta property=\"og:locale\" content=\"en_US\" \/>\n<meta property=\"og:type\" content=\"article\" \/>\n<meta property=\"og:title\" content=\"Bakery - Mj\u00e4lloms Tunnbr\u00f6d\" \/>\n<meta property=\"og:description\" content=\"Tunnbr\u00f6dsbakning \u00e4r ett hantverk, en str\u00e4van efter balans. Balans mellan de fina r\u00e5varorna, r\u00e4tt k\u00e4nsla i degen och v\u00e4rmen fr\u00e5n den heta ugnen\" \/>\n<meta property=\"og:url\" content=\"https:\/\/mjalloms.se\/en\/about-mjalloms\/bakery\/\" \/>\n<meta property=\"og:site_name\" content=\"Mj\u00e4lloms Tunnbr\u00f6d\" \/>\n<meta property=\"article:modified_time\" content=\"2022-06-29T14:23:59+00:00\" \/>\n<meta property=\"og:image\" content=\"https:\/\/mjalloms.se\/wp-content\/uploads\/2022\/03\/Sigill.png\" \/>\n\t<meta property=\"og:image:width\" content=\"507\" \/>\n\t<meta property=\"og:image:height\" content=\"576\" \/>\n\t<meta property=\"og:image:type\" content=\"image\/png\" \/>\n<meta name=\"twitter:card\" content=\"summary_large_image\" \/>\n<meta name=\"twitter:label1\" content=\"Est. reading time\" \/>\n\t<meta name=\"twitter:data1\" content=\"7 minutes\" \/>\n<script type=\"application\/ld+json\" class=\"yoast-schema-graph\">{\"@context\":\"https:\\\/\\\/schema.org\",\"@graph\":[{\"@type\":\"WebPage\",\"@id\":\"https:\\\/\\\/mjalloms.se\\\/en\\\/about-mjalloms\\\/bakery\\\/\",\"url\":\"https:\\\/\\\/mjalloms.se\\\/en\\\/about-mjalloms\\\/bakery\\\/\",\"name\":\"Bakery - Mj\u00e4lloms Tunnbr\u00f6d\",\"isPartOf\":{\"@id\":\"https:\\\/\\\/mjalloms.se\\\/#website\"},\"primaryImageOfPage\":{\"@id\":\"https:\\\/\\\/mjalloms.se\\\/en\\\/about-mjalloms\\\/bakery\\\/#primaryimage\"},\"image\":{\"@id\":\"https:\\\/\\\/mjalloms.se\\\/en\\\/about-mjalloms\\\/bakery\\\/#primaryimage\"},\"thumbnailUrl\":\"https:\\\/\\\/mjalloms.se\\\/wp-content\\\/uploads\\\/2022\\\/03\\\/Sigill.png\",\"datePublished\":\"2022-03-09T12:17:25+00:00\",\"dateModified\":\"2022-06-29T14:23:59+00:00\",\"description\":\"Tunnbr\u00f6dsbakning \u00e4r ett hantverk, en str\u00e4van efter balans. Balans mellan de fina r\u00e5varorna, r\u00e4tt k\u00e4nsla i degen och v\u00e4rmen fr\u00e5n den heta ugnen\",\"breadcrumb\":{\"@id\":\"https:\\\/\\\/mjalloms.se\\\/en\\\/about-mjalloms\\\/bakery\\\/#breadcrumb\"},\"inLanguage\":\"en-US\",\"potentialAction\":[{\"@type\":\"ReadAction\",\"target\":[\"https:\\\/\\\/mjalloms.se\\\/en\\\/about-mjalloms\\\/bakery\\\/\"]}]},{\"@type\":\"ImageObject\",\"inLanguage\":\"en-US\",\"@id\":\"https:\\\/\\\/mjalloms.se\\\/en\\\/about-mjalloms\\\/bakery\\\/#primaryimage\",\"url\":\"https:\\\/\\\/mjalloms.se\\\/wp-content\\\/uploads\\\/2022\\\/03\\\/Sigill.png\",\"contentUrl\":\"https:\\\/\\\/mjalloms.se\\\/wp-content\\\/uploads\\\/2022\\\/03\\\/Sigill.png\",\"width\":507,\"height\":576},{\"@type\":\"BreadcrumbList\",\"@id\":\"https:\\\/\\\/mjalloms.se\\\/en\\\/about-mjalloms\\\/bakery\\\/#breadcrumb\",\"itemListElement\":[{\"@type\":\"ListItem\",\"position\":1,\"name\":\"Hem\",\"item\":\"https:\\\/\\\/mjalloms.se\\\/en\\\/\"},{\"@type\":\"ListItem\",\"position\":2,\"name\":\"About Mj\u00e4lloms\",\"item\":\"https:\\\/\\\/mjalloms.se\\\/en\\\/about-mjalloms\\\/\"},{\"@type\":\"ListItem\",\"position\":3,\"name\":\"Bakery\"}]},{\"@type\":\"WebSite\",\"@id\":\"https:\\\/\\\/mjalloms.se\\\/#website\",\"url\":\"https:\\\/\\\/mjalloms.se\\\/\",\"name\":\"Mj\u00e4lloms Tunnbr\u00f6d\",\"description\":\"\",\"potentialAction\":[{\"@type\":\"SearchAction\",\"target\":{\"@type\":\"EntryPoint\",\"urlTemplate\":\"https:\\\/\\\/mjalloms.se\\\/?s={search_term_string}\"},\"query-input\":{\"@type\":\"PropertyValueSpecification\",\"valueRequired\":true,\"valueName\":\"search_term_string\"}}],\"inLanguage\":\"en-US\"}]}<\/script>\n<!-- \/ Yoast SEO plugin. -->","yoast_head_json":{"title":"Bakery - Mj\u00e4lloms Tunnbr\u00f6d","description":"Tunnbr\u00f6dsbakning \u00e4r ett hantverk, en str\u00e4van efter balans. Balans mellan de fina r\u00e5varorna, r\u00e4tt k\u00e4nsla i degen och v\u00e4rmen fr\u00e5n den heta ugnen","robots":{"index":"index","follow":"follow","max-snippet":"max-snippet:-1","max-image-preview":"max-image-preview:large","max-video-preview":"max-video-preview:-1"},"canonical":"https:\/\/mjalloms.se\/en\/about-mjalloms\/bakery\/","og_locale":"en_US","og_type":"article","og_title":"Bakery - Mj\u00e4lloms Tunnbr\u00f6d","og_description":"Tunnbr\u00f6dsbakning \u00e4r ett hantverk, en str\u00e4van efter balans. Balans mellan de fina r\u00e5varorna, r\u00e4tt k\u00e4nsla i degen och v\u00e4rmen fr\u00e5n den heta ugnen","og_url":"https:\/\/mjalloms.se\/en\/about-mjalloms\/bakery\/","og_site_name":"Mj\u00e4lloms Tunnbr\u00f6d","article_modified_time":"2022-06-29T14:23:59+00:00","og_image":[{"width":507,"height":576,"url":"https:\/\/mjalloms.se\/wp-content\/uploads\/2022\/03\/Sigill.png","type":"image\/png"}],"twitter_card":"summary_large_image","twitter_misc":{"Est. reading time":"7 minutes"},"schema":{"@context":"https:\/\/schema.org","@graph":[{"@type":"WebPage","@id":"https:\/\/mjalloms.se\/en\/about-mjalloms\/bakery\/","url":"https:\/\/mjalloms.se\/en\/about-mjalloms\/bakery\/","name":"Bakery - Mj\u00e4lloms Tunnbr\u00f6d","isPartOf":{"@id":"https:\/\/mjalloms.se\/#website"},"primaryImageOfPage":{"@id":"https:\/\/mjalloms.se\/en\/about-mjalloms\/bakery\/#primaryimage"},"image":{"@id":"https:\/\/mjalloms.se\/en\/about-mjalloms\/bakery\/#primaryimage"},"thumbnailUrl":"https:\/\/mjalloms.se\/wp-content\/uploads\/2022\/03\/Sigill.png","datePublished":"2022-03-09T12:17:25+00:00","dateModified":"2022-06-29T14:23:59+00:00","description":"Tunnbr\u00f6dsbakning \u00e4r ett hantverk, en str\u00e4van efter balans. Balans mellan de fina r\u00e5varorna, r\u00e4tt k\u00e4nsla i degen och v\u00e4rmen fr\u00e5n den heta ugnen","breadcrumb":{"@id":"https:\/\/mjalloms.se\/en\/about-mjalloms\/bakery\/#breadcrumb"},"inLanguage":"en-US","potentialAction":[{"@type":"ReadAction","target":["https:\/\/mjalloms.se\/en\/about-mjalloms\/bakery\/"]}]},{"@type":"ImageObject","inLanguage":"en-US","@id":"https:\/\/mjalloms.se\/en\/about-mjalloms\/bakery\/#primaryimage","url":"https:\/\/mjalloms.se\/wp-content\/uploads\/2022\/03\/Sigill.png","contentUrl":"https:\/\/mjalloms.se\/wp-content\/uploads\/2022\/03\/Sigill.png","width":507,"height":576},{"@type":"BreadcrumbList","@id":"https:\/\/mjalloms.se\/en\/about-mjalloms\/bakery\/#breadcrumb","itemListElement":[{"@type":"ListItem","position":1,"name":"Hem","item":"https:\/\/mjalloms.se\/en\/"},{"@type":"ListItem","position":2,"name":"About Mj\u00e4lloms","item":"https:\/\/mjalloms.se\/en\/about-mjalloms\/"},{"@type":"ListItem","position":3,"name":"Bakery"}]},{"@type":"WebSite","@id":"https:\/\/mjalloms.se\/#website","url":"https:\/\/mjalloms.se\/","name":"Mj\u00e4lloms Tunnbr\u00f6d","description":"","potentialAction":[{"@type":"SearchAction","target":{"@type":"EntryPoint","urlTemplate":"https:\/\/mjalloms.se\/?s={search_term_string}"},"query-input":{"@type":"PropertyValueSpecification","valueRequired":true,"valueName":"search_term_string"}}],"inLanguage":"en-US"}]}},"_links":{"self":[{"href":"https:\/\/mjalloms.se\/en\/wp-json\/wp\/v2\/pages\/1888","targetHints":{"allow":["GET"]}}],"collection":[{"href":"https:\/\/mjalloms.se\/en\/wp-json\/wp\/v2\/pages"}],"about":[{"href":"https:\/\/mjalloms.se\/en\/wp-json\/wp\/v2\/types\/page"}],"author":[{"embeddable":true,"href":"https:\/\/mjalloms.se\/en\/wp-json\/wp\/v2\/users\/8"}],"replies":[{"embeddable":true,"href":"https:\/\/mjalloms.se\/en\/wp-json\/wp\/v2\/comments?post=1888"}],"version-history":[{"count":2,"href":"https:\/\/mjalloms.se\/en\/wp-json\/wp\/v2\/pages\/1888\/revisions"}],"predecessor-version":[{"id":1960,"href":"https:\/\/mjalloms.se\/en\/wp-json\/wp\/v2\/pages\/1888\/revisions\/1960"}],"up":[{"embeddable":true,"href":"https:\/\/mjalloms.se\/en\/wp-json\/wp\/v2\/pages\/1842"}],"wp:featuredmedia":[{"embeddable":true,"href":"https:\/\/mjalloms.se\/en\/wp-json\/wp\/v2\/media\/1843"}],"wp:attachment":[{"href":"https:\/\/mjalloms.se\/en\/wp-json\/wp\/v2\/media?parent=1888"}],"curies":[{"name":"wp","href":"https:\/\/api.w.org\/{rel}","templated":true}]}}