{"id":1882,"date":"2022-03-11T14:21:08","date_gmt":"2022-03-11T13:21:08","guid":{"rendered":"https:\/\/mjalloms.se\/hitta-hit\/"},"modified":"2022-06-29T16:25:57","modified_gmt":"2022-06-29T14:25:57","slug":"find-us","status":"publish","type":"page","link":"https:\/\/mjalloms.se\/en\/find-us\/","title":{"rendered":"Find us"},"content":{"rendered":"<p>[et_pb_section fb_built=&#8221;1&#8243; _builder_version=&#8221;4.17.3&#8243; _module_preset=&#8221;default&#8221; background_image=&#8221;https:\/\/mjalloms.se\/wp-content\/uploads\/2022\/05\/samlingsbild_1923_2.jpeg&#8221; min_height=&#8221;50vh&#8221; custom_css_main_element=&#8221;display: flex;&#8221; locked=&#8221;off&#8221; global_colors_info=&#8221;{}&#8221;][et_pb_row custom_padding_last_edited=&#8221;on|phone&#8221; _builder_version=&#8221;4.16&#8243; _module_preset=&#8221;default&#8221; background_color=&#8221;#FFFFFF&#8221; background_image=&#8221;https:\/\/mjalloms.se\/wp-content\/uploads\/2022\/02\/Bakgrund_1366x1366.jpg&#8221; max_width=&#8221;40%&#8221; max_width_tablet=&#8221;100%&#8221; max_width_phone=&#8221;100%&#8221; max_width_last_edited=&#8221;on|phone&#8221; module_alignment=&#8221;left&#8221; custom_margin=&#8221;||||false|false&#8221; custom_padding=&#8221;5vw|5vw|5vw|5vw|false|false&#8221; custom_padding_tablet=&#8221;10vw|10vw|7.5vw|10vw|false|false&#8221; custom_padding_phone=&#8221;10vw|10vw|7.5vw|10vw|false|false&#8221; module_alignment_tablet=&#8221;center&#8221; module_alignment_phone=&#8221;center&#8221; module_alignment_last_edited=&#8221;on|desktop&#8221; border_color_all=&#8221;#000000&#8243; global_colors_info=&#8221;{}&#8221;][et_pb_column type=&#8221;4_4&#8243; _builder_version=&#8221;4.16&#8243; _module_preset=&#8221;default&#8221; global_colors_info=&#8221;{}&#8221;][et_pb_text _builder_version=&#8221;4.17.4&#8243; _module_preset=&#8221;dd3cfd20-3452-4bd4-94f6-e1e0e7a5607c&#8221; hover_enabled=&#8221;0&#8243; global_colors_info=&#8221;{}&#8221; sticky_enabled=&#8221;0&#8243;]<\/p>\n<p>Mj\u00e4lloms Flatbread<\/p>\n<p>[\/et_pb_text][et_pb_text _builder_version=&#8221;4.17.4&#8243; _module_preset=&#8221;562ff1df-47dc-420b-b5b6-073a9712fcff&#8221; hover_enabled=&#8221;0&#8243; global_colors_info=&#8221;{}&#8221; sticky_enabled=&#8221;0&#8243;]<\/p>\n<h1>Find us<\/h1>\n<p>[\/et_pb_text][et_pb_text _builder_version=&#8221;4.17.4&#8243; _module_preset=&#8221;default&#8221; text_font=&#8221;Montserrat||||||||&#8221; text_text_color=&#8221;#FFFFFF&#8221; custom_margin=&#8221;||30px||false|false&#8221; hover_enabled=&#8221;0&#8243; global_colors_info=&#8221;{}&#8221; sticky_enabled=&#8221;0&#8243;]<\/p>\n<p>Do you have something you want to say about our products? Contact us at<\/p>\n<p><a href=\"mailto:konsumentkontakt@mjalloms.se\">konsumentkontakt@mjalloms.se<\/a><\/p>\n<p>[\/et_pb_text][\/et_pb_column][\/et_pb_row][\/et_pb_section][et_pb_section fb_built=&#8221;1&#8243; _builder_version=&#8221;4.16&#8243; _module_preset=&#8221;default&#8221; background_color=&#8221;#fffef7&#8243; custom_padding=&#8221;||16px|||&#8221; global_colors_info=&#8221;{}&#8221;][et_pb_row _builder_version=&#8221;4.16&#8243; _module_preset=&#8221;default&#8221; max_width=&#8221;840px&#8221; global_colors_info=&#8221;{}&#8221;][et_pb_column type=&#8221;4_4&#8243; _builder_version=&#8221;4.16&#8243; _module_preset=&#8221;default&#8221; global_colors_info=&#8221;{}&#8221;][et_pb_text _builder_version=&#8221;4.17.4&#8243; _module_preset=&#8221;default&#8221; hover_enabled=&#8221;0&#8243; global_colors_info=&#8221;{}&#8221; sticky_enabled=&#8221;0&#8243;]<\/p>\n<p><strong>Mj\u00e4lloms Tunnbr\u00f6d<\/strong><\/p>\n<p>Industriv\u00e4gen 10<\/p>\n<p>873 72 Ull\u00e5nger<strong>\u00a0<\/strong><\/p>\n<p>&nbsp;<\/p>\n<p>Telephone: +46 613-71 13 50<\/p>\n<p>E-mail: <a href=\"mailto:info@mjalloms.se\">info@mjalloms.se<\/a><\/p>\n<p>[\/et_pb_text][et_pb_map address=&#8221;Industriv\u00e4gen 10, 870 32 Ull\u00e5nger, Sverige&#8221; address_lat=&#8221;63.00658664898&#8243; address_lng=&#8221;18.179958130688&#8243; _builder_version=&#8221;4.17.4&#8243; _module_preset=&#8221;default&#8221; hover_enabled=&#8221;0&#8243; global_colors_info=&#8221;{}&#8221; sticky_enabled=&#8221;0&#8243;][\/et_pb_map][\/et_pb_column][\/et_pb_row][\/et_pb_section]<\/p>\n","protected":false},"excerpt":{"rendered":"<p>Mj\u00e4lloms FlatbreadFind usDo you have something you want to say about our products? Contact us at konsumentkontakt@mjalloms.seMj\u00e4lloms Tunnbr\u00f6d Industriv\u00e4gen 10 873 72 Ull\u00e5nger\u00a0 &nbsp; Telephone: +46 613-71 13 50 E-mail: info@mjalloms.se<\/p>\n","protected":false},"author":8,"featured_media":1843,"parent":0,"menu_order":0,"comment_status":"closed","ping_status":"closed","template":"","meta":{"_acf_changed":false,"_et_pb_use_builder":"on","_et_pb_old_content":"","_et_gb_content_width":"","footnotes":""},"class_list":["post-1882","page","type-page","status-publish","has-post-thumbnail","hentry"],"acf":[],"yoast_head":"<!-- This site is optimized with the Yoast SEO plugin v27.4 - https:\/\/yoast.com\/product\/yoast-seo-wordpress\/ -->\n<title>Find us - Mj\u00e4lloms Tunnbr\u00f6d<\/title>\n<meta name=\"robots\" content=\"index, follow, max-snippet:-1, max-image-preview:large, max-video-preview:-1\" \/>\n<link rel=\"canonical\" href=\"https:\/\/mjalloms.se\/en\/find-us\/\" \/>\n<meta property=\"og:locale\" content=\"en_US\" \/>\n<meta property=\"og:type\" content=\"article\" \/>\n<meta property=\"og:title\" content=\"Find us - Mj\u00e4lloms Tunnbr\u00f6d\" \/>\n<meta property=\"og:description\" content=\"Mj\u00e4lloms FlatbreadFind usDo you have something you want to say about our products? Contact us at konsumentkontakt@mjalloms.seMj\u00e4lloms Tunnbr\u00f6d Industriv\u00e4gen 10 873 72 Ull\u00e5nger\u00a0 &nbsp; Telephone: +46 613-71 13 50 E-mail: info@mjalloms.se\" \/>\n<meta property=\"og:url\" content=\"https:\/\/mjalloms.se\/en\/find-us\/\" \/>\n<meta property=\"og:site_name\" content=\"Mj\u00e4lloms Tunnbr\u00f6d\" \/>\n<meta property=\"article:modified_time\" content=\"2022-06-29T14:25:57+00:00\" \/>\n<meta property=\"og:image\" content=\"https:\/\/mjalloms.se\/wp-content\/uploads\/2022\/03\/Sigill.png\" \/>\n\t<meta property=\"og:image:width\" content=\"507\" \/>\n\t<meta property=\"og:image:height\" content=\"576\" \/>\n\t<meta property=\"og:image:type\" content=\"image\/png\" \/>\n<meta name=\"twitter:card\" content=\"summary_large_image\" \/>\n<meta name=\"twitter:label1\" content=\"Est. reading time\" \/>\n\t<meta name=\"twitter:data1\" content=\"2 minutes\" \/>\n<script type=\"application\/ld+json\" class=\"yoast-schema-graph\">{\"@context\":\"https:\\\/\\\/schema.org\",\"@graph\":[{\"@type\":\"WebPage\",\"@id\":\"https:\\\/\\\/mjalloms.se\\\/en\\\/find-us\\\/\",\"url\":\"https:\\\/\\\/mjalloms.se\\\/en\\\/find-us\\\/\",\"name\":\"Find us - Mj\u00e4lloms Tunnbr\u00f6d\",\"isPartOf\":{\"@id\":\"https:\\\/\\\/mjalloms.se\\\/#website\"},\"primaryImageOfPage\":{\"@id\":\"https:\\\/\\\/mjalloms.se\\\/en\\\/find-us\\\/#primaryimage\"},\"image\":{\"@id\":\"https:\\\/\\\/mjalloms.se\\\/en\\\/find-us\\\/#primaryimage\"},\"thumbnailUrl\":\"https:\\\/\\\/mjalloms.se\\\/wp-content\\\/uploads\\\/2022\\\/03\\\/Sigill.png\",\"datePublished\":\"2022-03-11T13:21:08+00:00\",\"dateModified\":\"2022-06-29T14:25:57+00:00\",\"breadcrumb\":{\"@id\":\"https:\\\/\\\/mjalloms.se\\\/en\\\/find-us\\\/#breadcrumb\"},\"inLanguage\":\"en-US\",\"potentialAction\":[{\"@type\":\"ReadAction\",\"target\":[\"https:\\\/\\\/mjalloms.se\\\/en\\\/find-us\\\/\"]}]},{\"@type\":\"ImageObject\",\"inLanguage\":\"en-US\",\"@id\":\"https:\\\/\\\/mjalloms.se\\\/en\\\/find-us\\\/#primaryimage\",\"url\":\"https:\\\/\\\/mjalloms.se\\\/wp-content\\\/uploads\\\/2022\\\/03\\\/Sigill.png\",\"contentUrl\":\"https:\\\/\\\/mjalloms.se\\\/wp-content\\\/uploads\\\/2022\\\/03\\\/Sigill.png\",\"width\":507,\"height\":576},{\"@type\":\"BreadcrumbList\",\"@id\":\"https:\\\/\\\/mjalloms.se\\\/en\\\/find-us\\\/#breadcrumb\",\"itemListElement\":[{\"@type\":\"ListItem\",\"position\":1,\"name\":\"Hem\",\"item\":\"https:\\\/\\\/mjalloms.se\\\/en\\\/\"},{\"@type\":\"ListItem\",\"position\":2,\"name\":\"Find us\"}]},{\"@type\":\"WebSite\",\"@id\":\"https:\\\/\\\/mjalloms.se\\\/#website\",\"url\":\"https:\\\/\\\/mjalloms.se\\\/\",\"name\":\"Mj\u00e4lloms Tunnbr\u00f6d\",\"description\":\"\",\"potentialAction\":[{\"@type\":\"SearchAction\",\"target\":{\"@type\":\"EntryPoint\",\"urlTemplate\":\"https:\\\/\\\/mjalloms.se\\\/?s={search_term_string}\"},\"query-input\":{\"@type\":\"PropertyValueSpecification\",\"valueRequired\":true,\"valueName\":\"search_term_string\"}}],\"inLanguage\":\"en-US\"}]}<\/script>\n<!-- \/ Yoast SEO plugin. -->","yoast_head_json":{"title":"Find us - Mj\u00e4lloms Tunnbr\u00f6d","robots":{"index":"index","follow":"follow","max-snippet":"max-snippet:-1","max-image-preview":"max-image-preview:large","max-video-preview":"max-video-preview:-1"},"canonical":"https:\/\/mjalloms.se\/en\/find-us\/","og_locale":"en_US","og_type":"article","og_title":"Find us - Mj\u00e4lloms Tunnbr\u00f6d","og_description":"Mj\u00e4lloms FlatbreadFind usDo you have something you want to say about our products? Contact us at konsumentkontakt@mjalloms.seMj\u00e4lloms Tunnbr\u00f6d Industriv\u00e4gen 10 873 72 Ull\u00e5nger\u00a0 &nbsp; Telephone: +46 613-71 13 50 E-mail: info@mjalloms.se","og_url":"https:\/\/mjalloms.se\/en\/find-us\/","og_site_name":"Mj\u00e4lloms Tunnbr\u00f6d","article_modified_time":"2022-06-29T14:25:57+00:00","og_image":[{"width":507,"height":576,"url":"https:\/\/mjalloms.se\/wp-content\/uploads\/2022\/03\/Sigill.png","type":"image\/png"}],"twitter_card":"summary_large_image","twitter_misc":{"Est. reading time":"2 minutes"},"schema":{"@context":"https:\/\/schema.org","@graph":[{"@type":"WebPage","@id":"https:\/\/mjalloms.se\/en\/find-us\/","url":"https:\/\/mjalloms.se\/en\/find-us\/","name":"Find us - Mj\u00e4lloms Tunnbr\u00f6d","isPartOf":{"@id":"https:\/\/mjalloms.se\/#website"},"primaryImageOfPage":{"@id":"https:\/\/mjalloms.se\/en\/find-us\/#primaryimage"},"image":{"@id":"https:\/\/mjalloms.se\/en\/find-us\/#primaryimage"},"thumbnailUrl":"https:\/\/mjalloms.se\/wp-content\/uploads\/2022\/03\/Sigill.png","datePublished":"2022-03-11T13:21:08+00:00","dateModified":"2022-06-29T14:25:57+00:00","breadcrumb":{"@id":"https:\/\/mjalloms.se\/en\/find-us\/#breadcrumb"},"inLanguage":"en-US","potentialAction":[{"@type":"ReadAction","target":["https:\/\/mjalloms.se\/en\/find-us\/"]}]},{"@type":"ImageObject","inLanguage":"en-US","@id":"https:\/\/mjalloms.se\/en\/find-us\/#primaryimage","url":"https:\/\/mjalloms.se\/wp-content\/uploads\/2022\/03\/Sigill.png","contentUrl":"https:\/\/mjalloms.se\/wp-content\/uploads\/2022\/03\/Sigill.png","width":507,"height":576},{"@type":"BreadcrumbList","@id":"https:\/\/mjalloms.se\/en\/find-us\/#breadcrumb","itemListElement":[{"@type":"ListItem","position":1,"name":"Hem","item":"https:\/\/mjalloms.se\/en\/"},{"@type":"ListItem","position":2,"name":"Find us"}]},{"@type":"WebSite","@id":"https:\/\/mjalloms.se\/#website","url":"https:\/\/mjalloms.se\/","name":"Mj\u00e4lloms Tunnbr\u00f6d","description":"","potentialAction":[{"@type":"SearchAction","target":{"@type":"EntryPoint","urlTemplate":"https:\/\/mjalloms.se\/?s={search_term_string}"},"query-input":{"@type":"PropertyValueSpecification","valueRequired":true,"valueName":"search_term_string"}}],"inLanguage":"en-US"}]}},"_links":{"self":[{"href":"https:\/\/mjalloms.se\/en\/wp-json\/wp\/v2\/pages\/1882","targetHints":{"allow":["GET"]}}],"collection":[{"href":"https:\/\/mjalloms.se\/en\/wp-json\/wp\/v2\/pages"}],"about":[{"href":"https:\/\/mjalloms.se\/en\/wp-json\/wp\/v2\/types\/page"}],"author":[{"embeddable":true,"href":"https:\/\/mjalloms.se\/en\/wp-json\/wp\/v2\/users\/8"}],"replies":[{"embeddable":true,"href":"https:\/\/mjalloms.se\/en\/wp-json\/wp\/v2\/comments?post=1882"}],"version-history":[{"count":2,"href":"https:\/\/mjalloms.se\/en\/wp-json\/wp\/v2\/pages\/1882\/revisions"}],"predecessor-version":[{"id":1886,"href":"https:\/\/mjalloms.se\/en\/wp-json\/wp\/v2\/pages\/1882\/revisions\/1886"}],"wp:featuredmedia":[{"embeddable":true,"href":"https:\/\/mjalloms.se\/en\/wp-json\/wp\/v2\/media\/1843"}],"wp:attachment":[{"href":"https:\/\/mjalloms.se\/en\/wp-json\/wp\/v2\/media?parent=1882"}],"curies":[{"name":"wp","href":"https:\/\/api.w.org\/{rel}","templated":true}]}}