{"id":1873,"date":"2022-03-11T14:20:22","date_gmt":"2022-03-11T13:20:22","guid":{"rendered":"https:\/\/mjalloms.se\/bagarstuga\/"},"modified":"2022-06-29T16:25:45","modified_gmt":"2022-06-29T14:25:45","slug":"baking-cabin","status":"publish","type":"page","link":"https:\/\/mjalloms.se\/en\/baking-cabin\/","title":{"rendered":"Baking Cabin"},"content":{"rendered":"<p>[et_pb_section fb_built=&#8221;1&#8243; _builder_version=&#8221;4.17.3&#8243; _module_preset=&#8221;default&#8221; background_image=&#8221;https:\/\/mjalloms.se\/wp-content\/uploads\/2022\/05\/mjalloms_bagarstuga_-_10_whymac.jpeg&#8221; min_height=&#8221;50vh&#8221; custom_css_main_element=&#8221;display: flex;&#8221; locked=&#8221;off&#8221; global_colors_info=&#8221;{}&#8221;][et_pb_row custom_padding_last_edited=&#8221;on|phone&#8221; _builder_version=&#8221;4.16&#8243; _module_preset=&#8221;default&#8221; background_color=&#8221;#FFFFFF&#8221; background_image=&#8221;https:\/\/mjalloms.se\/wp-content\/uploads\/2022\/02\/Bakgrund_1366x1366.jpg&#8221; max_width=&#8221;40%&#8221; max_width_tablet=&#8221;100%&#8221; max_width_phone=&#8221;100%&#8221; max_width_last_edited=&#8221;on|phone&#8221; module_alignment=&#8221;left&#8221; custom_margin=&#8221;||||false|false&#8221; custom_padding=&#8221;5vw|5vw|5vw|5vw|false|false&#8221; custom_padding_tablet=&#8221;10vw|10vw|7.5vw|10vw|false|false&#8221; custom_padding_phone=&#8221;10vw|10vw|7.5vw|10vw|false|false&#8221; module_alignment_tablet=&#8221;center&#8221; module_alignment_phone=&#8221;center&#8221; module_alignment_last_edited=&#8221;on|desktop&#8221; border_color_all=&#8221;#000000&#8243; global_colors_info=&#8221;{}&#8221;][et_pb_column type=&#8221;4_4&#8243; _builder_version=&#8221;4.16&#8243; _module_preset=&#8221;default&#8221; global_colors_info=&#8221;{}&#8221;][et_pb_text _builder_version=&#8221;4.17.4&#8243; _module_preset=&#8221;dd3cfd20-3452-4bd4-94f6-e1e0e7a5607c&#8221; global_colors_info=&#8221;{}&#8221;]<\/p>\n<p>Visit our<\/p>\n<p>[\/et_pb_text][et_pb_text _builder_version=&#8221;4.17.4&#8243; _module_preset=&#8221;562ff1df-47dc-420b-b5b6-073a9712fcff&#8221; global_colors_info=&#8221;{}&#8221;]<\/p>\n<h1>Baking Cabin<\/h1>\n<p>[\/et_pb_text][et_pb_text _builder_version=&#8221;4.17.4&#8243; _module_preset=&#8221;default&#8221; text_font=&#8221;Montserrat||||||||&#8221; text_text_color=&#8221;#FFFFFF&#8221; custom_margin=&#8221;||30px||false|false&#8221; global_colors_info=&#8221;{}&#8221;]<\/p>\n<p>Here at Mj\u00e4lloms we have our very own bakery where we bake flatbread with cultured grains, in the same way as we did before. An organic flatbread baked by hand in a wood-fired oven. Take the opportunity to look in and feel the smell of freshly baked flatbread. The bakery is open every day during the summer at 10.00-15.00.<\/p>\n<p>[\/et_pb_text][\/et_pb_column][\/et_pb_row][\/et_pb_section][et_pb_section fb_built=&#8221;1&#8243; _builder_version=&#8221;4.16&#8243; _module_preset=&#8221;default&#8221; background_color=&#8221;#fffef7&#8243; custom_padding=&#8221;||16px|||&#8221; global_colors_info=&#8221;{}&#8221;][et_pb_row _builder_version=&#8221;4.16&#8243; _module_preset=&#8221;default&#8221; max_width=&#8221;840px&#8221; global_colors_info=&#8221;{}&#8221;][et_pb_column type=&#8221;4_4&#8243; _builder_version=&#8221;4.16&#8243; _module_preset=&#8221;default&#8221; global_colors_info=&#8221;{}&#8221;][et_pb_text _builder_version=&#8221;4.17.4&#8243; _module_preset=&#8221;default&#8221; global_colors_info=&#8221;{}&#8221;]<\/p>\n<div class=\"field field-name-field-rubrik-helbild field-type-text field-label-hidden\">\n<div class=\"field-items\">\n<div class=\"field-item field-item-1 even field-item-three-1 field-item-four-1\">\n<h2>BAKING CABIN NO. 1<\/h2>\n<\/div>\n<\/div>\n<\/div>\n<p>Flatbread course \u2013 hands-on<\/p>\n<p>A nice little activity is to book our simple flatbread course where you can try baking yourself with our bakers. No previous knowledge required. We accept a maximum of 6 people, one party, per baking occasion. If there are more of you who come along but do not want to bake, the others can check out our fine delicatessen in the meantime.<\/p>\n<p>Baking is available for booking during the summer. Expect the baking to take about 1-1.5 hours.<\/p>\n<p><strong>Price:<\/strong> SEK 400 basic fee + SEK 100 \/ adult and SEK 80 \/ child up to 12 years.<\/p>\n<p>Your party gets the bakery to yourself together with the supervisor during the baking. The price includes a baking experience, baking a couple of your own bread cakes and a picnic basket with coffee, juice and butter for the bread, which you can enjoy afterwards in the grass or at the coffee table outside the bakery.<\/p>\n<p><strong>Bookable times:<\/strong> 10.00 and 12.30<\/p>\n<p>For availability and booking, fill in the form below, email us atbaka@mjalloms.se or call us at +46 613-77 39 40.<\/p>\n<p>You are most welcome to bake with us!<\/p>\n<p>[\/et_pb_text][et_pb_text _builder_version=&#8221;4.17.4&#8243; _module_preset=&#8221;default&#8221; header_2_font_size=&#8221;24px&#8221; custom_margin=&#8221;60px||10px||false|false&#8221; global_colors_info=&#8221;{}&#8221;]<\/p>\n<p>Booking Request<\/p>\n<p>[\/et_pb_text][et_pb_code _builder_version=&#8221;4.17.4&#8243; _module_preset=&#8221;default&#8221; background_color=&#8221;RGBA(255,255,255,0)&#8221; global_colors_info=&#8221;{}&#8221;]<iframe src='https:\/\/outlook.office365.com\/owa\/calendar\/Bagarstuga@mjalloms.se\/bookings\/' width='850' height='1800px' scrolling='yes' style='border:0'><\/iframe>[\/et_pb_code][\/et_pb_column][\/et_pb_row][\/et_pb_section]<\/p>\n","protected":false},"excerpt":{"rendered":"<p>Visit ourBaking CabinHere at Mj\u00e4lloms we have our very own bakery where we bake flatbread with cultured grains, in the same way as we did before. An organic flatbread baked by hand in a wood-fired oven. Take the opportunity to look in and feel the smell of freshly baked flatbread. The bakery is open every [&hellip;]<\/p>\n","protected":false},"author":8,"featured_media":2215,"parent":0,"menu_order":0,"comment_status":"closed","ping_status":"closed","template":"","meta":{"_acf_changed":false,"_et_pb_use_builder":"on","_et_pb_old_content":"","_et_gb_content_width":"","footnotes":""},"class_list":["post-1873","page","type-page","status-publish","has-post-thumbnail","hentry"],"acf":[],"yoast_head":"<!-- This site is optimized with the Yoast SEO plugin v27.4 - https:\/\/yoast.com\/product\/yoast-seo-wordpress\/ -->\n<title>Baking Cabin - Mj\u00e4lloms Tunnbr\u00f6d<\/title>\n<meta name=\"description\" content=\"Passa p\u00e5 att titta in och k\u00e4nna doften av nybakat tunnbr\u00f6d. Bagarstugan \u00e4r \u00f6ppen alla dagar under sommaren kl.\u00a010.00-15.00.\" \/>\n<meta name=\"robots\" content=\"index, follow, max-snippet:-1, max-image-preview:large, max-video-preview:-1\" \/>\n<link rel=\"canonical\" href=\"https:\/\/mjalloms.se\/en\/baking-cabin\/\" \/>\n<meta property=\"og:locale\" content=\"en_US\" \/>\n<meta property=\"og:type\" content=\"article\" \/>\n<meta property=\"og:title\" content=\"Baking Cabin - Mj\u00e4lloms Tunnbr\u00f6d\" \/>\n<meta property=\"og:description\" content=\"Passa p\u00e5 att titta in och k\u00e4nna doften av nybakat tunnbr\u00f6d. Bagarstugan \u00e4r \u00f6ppen alla dagar under sommaren kl.\u00a010.00-15.00.\" \/>\n<meta property=\"og:url\" content=\"https:\/\/mjalloms.se\/en\/baking-cabin\/\" \/>\n<meta property=\"og:site_name\" content=\"Mj\u00e4lloms Tunnbr\u00f6d\" \/>\n<meta property=\"article:modified_time\" content=\"2022-06-29T14:25:45+00:00\" \/>\n<meta property=\"og:image\" content=\"https:\/\/mjalloms.se\/wp-content\/uploads\/2022\/03\/Sigill.png\" \/>\n\t<meta property=\"og:image:width\" content=\"507\" \/>\n\t<meta property=\"og:image:height\" content=\"576\" \/>\n\t<meta property=\"og:image:type\" content=\"image\/png\" \/>\n<meta name=\"twitter:card\" content=\"summary_large_image\" \/>\n<meta name=\"twitter:label1\" content=\"Est. reading time\" \/>\n\t<meta name=\"twitter:data1\" content=\"2 minutes\" \/>\n<script type=\"application\/ld+json\" class=\"yoast-schema-graph\">{\"@context\":\"https:\\\/\\\/schema.org\",\"@graph\":[{\"@type\":\"WebPage\",\"@id\":\"https:\\\/\\\/mjalloms.se\\\/en\\\/baking-cabin\\\/\",\"url\":\"https:\\\/\\\/mjalloms.se\\\/en\\\/baking-cabin\\\/\",\"name\":\"Baking Cabin - Mj\u00e4lloms Tunnbr\u00f6d\",\"isPartOf\":{\"@id\":\"https:\\\/\\\/mjalloms.se\\\/#website\"},\"primaryImageOfPage\":{\"@id\":\"https:\\\/\\\/mjalloms.se\\\/en\\\/baking-cabin\\\/#primaryimage\"},\"image\":{\"@id\":\"https:\\\/\\\/mjalloms.se\\\/en\\\/baking-cabin\\\/#primaryimage\"},\"thumbnailUrl\":\"https:\\\/\\\/mjalloms.se\\\/wp-content\\\/uploads\\\/2023\\\/02\\\/443A9790-scaled.jpg\",\"datePublished\":\"2022-03-11T13:20:22+00:00\",\"dateModified\":\"2022-06-29T14:25:45+00:00\",\"description\":\"Passa p\u00e5 att titta in och k\u00e4nna doften av nybakat tunnbr\u00f6d. Bagarstugan \u00e4r \u00f6ppen alla dagar under sommaren kl.\u00a010.00-15.00.\",\"breadcrumb\":{\"@id\":\"https:\\\/\\\/mjalloms.se\\\/en\\\/baking-cabin\\\/#breadcrumb\"},\"inLanguage\":\"en-US\",\"potentialAction\":[{\"@type\":\"ReadAction\",\"target\":[\"https:\\\/\\\/mjalloms.se\\\/en\\\/baking-cabin\\\/\"]}]},{\"@type\":\"ImageObject\",\"inLanguage\":\"en-US\",\"@id\":\"https:\\\/\\\/mjalloms.se\\\/en\\\/baking-cabin\\\/#primaryimage\",\"url\":\"https:\\\/\\\/mjalloms.se\\\/wp-content\\\/uploads\\\/2023\\\/02\\\/443A9790-scaled.jpg\",\"contentUrl\":\"https:\\\/\\\/mjalloms.se\\\/wp-content\\\/uploads\\\/2023\\\/02\\\/443A9790-scaled.jpg\",\"width\":2560,\"height\":1707},{\"@type\":\"BreadcrumbList\",\"@id\":\"https:\\\/\\\/mjalloms.se\\\/en\\\/baking-cabin\\\/#breadcrumb\",\"itemListElement\":[{\"@type\":\"ListItem\",\"position\":1,\"name\":\"Hem\",\"item\":\"https:\\\/\\\/mjalloms.se\\\/en\\\/\"},{\"@type\":\"ListItem\",\"position\":2,\"name\":\"Baking Cabin\"}]},{\"@type\":\"WebSite\",\"@id\":\"https:\\\/\\\/mjalloms.se\\\/#website\",\"url\":\"https:\\\/\\\/mjalloms.se\\\/\",\"name\":\"Mj\u00e4lloms Tunnbr\u00f6d\",\"description\":\"\",\"potentialAction\":[{\"@type\":\"SearchAction\",\"target\":{\"@type\":\"EntryPoint\",\"urlTemplate\":\"https:\\\/\\\/mjalloms.se\\\/?s={search_term_string}\"},\"query-input\":{\"@type\":\"PropertyValueSpecification\",\"valueRequired\":true,\"valueName\":\"search_term_string\"}}],\"inLanguage\":\"en-US\"}]}<\/script>\n<!-- \/ Yoast SEO plugin. -->","yoast_head_json":{"title":"Baking Cabin - Mj\u00e4lloms Tunnbr\u00f6d","description":"Passa p\u00e5 att titta in och k\u00e4nna doften av nybakat tunnbr\u00f6d. Bagarstugan \u00e4r \u00f6ppen alla dagar under sommaren kl.\u00a010.00-15.00.","robots":{"index":"index","follow":"follow","max-snippet":"max-snippet:-1","max-image-preview":"max-image-preview:large","max-video-preview":"max-video-preview:-1"},"canonical":"https:\/\/mjalloms.se\/en\/baking-cabin\/","og_locale":"en_US","og_type":"article","og_title":"Baking Cabin - Mj\u00e4lloms Tunnbr\u00f6d","og_description":"Passa p\u00e5 att titta in och k\u00e4nna doften av nybakat tunnbr\u00f6d. Bagarstugan \u00e4r \u00f6ppen alla dagar under sommaren kl.\u00a010.00-15.00.","og_url":"https:\/\/mjalloms.se\/en\/baking-cabin\/","og_site_name":"Mj\u00e4lloms Tunnbr\u00f6d","article_modified_time":"2022-06-29T14:25:45+00:00","og_image":[{"width":507,"height":576,"url":"https:\/\/mjalloms.se\/wp-content\/uploads\/2022\/03\/Sigill.png","type":"image\/png"}],"twitter_card":"summary_large_image","twitter_misc":{"Est. reading time":"2 minutes"},"schema":{"@context":"https:\/\/schema.org","@graph":[{"@type":"WebPage","@id":"https:\/\/mjalloms.se\/en\/baking-cabin\/","url":"https:\/\/mjalloms.se\/en\/baking-cabin\/","name":"Baking Cabin - Mj\u00e4lloms Tunnbr\u00f6d","isPartOf":{"@id":"https:\/\/mjalloms.se\/#website"},"primaryImageOfPage":{"@id":"https:\/\/mjalloms.se\/en\/baking-cabin\/#primaryimage"},"image":{"@id":"https:\/\/mjalloms.se\/en\/baking-cabin\/#primaryimage"},"thumbnailUrl":"https:\/\/mjalloms.se\/wp-content\/uploads\/2023\/02\/443A9790-scaled.jpg","datePublished":"2022-03-11T13:20:22+00:00","dateModified":"2022-06-29T14:25:45+00:00","description":"Passa p\u00e5 att titta in och k\u00e4nna doften av nybakat tunnbr\u00f6d. Bagarstugan \u00e4r \u00f6ppen alla dagar under sommaren kl.\u00a010.00-15.00.","breadcrumb":{"@id":"https:\/\/mjalloms.se\/en\/baking-cabin\/#breadcrumb"},"inLanguage":"en-US","potentialAction":[{"@type":"ReadAction","target":["https:\/\/mjalloms.se\/en\/baking-cabin\/"]}]},{"@type":"ImageObject","inLanguage":"en-US","@id":"https:\/\/mjalloms.se\/en\/baking-cabin\/#primaryimage","url":"https:\/\/mjalloms.se\/wp-content\/uploads\/2023\/02\/443A9790-scaled.jpg","contentUrl":"https:\/\/mjalloms.se\/wp-content\/uploads\/2023\/02\/443A9790-scaled.jpg","width":2560,"height":1707},{"@type":"BreadcrumbList","@id":"https:\/\/mjalloms.se\/en\/baking-cabin\/#breadcrumb","itemListElement":[{"@type":"ListItem","position":1,"name":"Hem","item":"https:\/\/mjalloms.se\/en\/"},{"@type":"ListItem","position":2,"name":"Baking Cabin"}]},{"@type":"WebSite","@id":"https:\/\/mjalloms.se\/#website","url":"https:\/\/mjalloms.se\/","name":"Mj\u00e4lloms Tunnbr\u00f6d","description":"","potentialAction":[{"@type":"SearchAction","target":{"@type":"EntryPoint","urlTemplate":"https:\/\/mjalloms.se\/?s={search_term_string}"},"query-input":{"@type":"PropertyValueSpecification","valueRequired":true,"valueName":"search_term_string"}}],"inLanguage":"en-US"}]}},"_links":{"self":[{"href":"https:\/\/mjalloms.se\/en\/wp-json\/wp\/v2\/pages\/1873","targetHints":{"allow":["GET"]}}],"collection":[{"href":"https:\/\/mjalloms.se\/en\/wp-json\/wp\/v2\/pages"}],"about":[{"href":"https:\/\/mjalloms.se\/en\/wp-json\/wp\/v2\/types\/page"}],"author":[{"embeddable":true,"href":"https:\/\/mjalloms.se\/en\/wp-json\/wp\/v2\/users\/8"}],"replies":[{"embeddable":true,"href":"https:\/\/mjalloms.se\/en\/wp-json\/wp\/v2\/comments?post=1873"}],"version-history":[{"count":4,"href":"https:\/\/mjalloms.se\/en\/wp-json\/wp\/v2\/pages\/1873\/revisions"}],"predecessor-version":[{"id":1881,"href":"https:\/\/mjalloms.se\/en\/wp-json\/wp\/v2\/pages\/1873\/revisions\/1881"}],"wp:featuredmedia":[{"embeddable":true,"href":"https:\/\/mjalloms.se\/en\/wp-json\/wp\/v2\/media\/2215"}],"wp:attachment":[{"href":"https:\/\/mjalloms.se\/en\/wp-json\/wp\/v2\/media?parent=1873"}],"curies":[{"name":"wp","href":"https:\/\/api.w.org\/{rel}","templated":true}]}}