{"id":1842,"date":"2022-03-09T13:18:31","date_gmt":"2022-03-09T12:18:31","guid":{"rendered":"https:\/\/mjalloms.se\/om-mjalloms\/"},"modified":"2022-06-29T16:25:17","modified_gmt":"2022-06-29T14:25:17","slug":"about-mjalloms","status":"publish","type":"page","link":"https:\/\/mjalloms.se\/en\/about-mjalloms\/","title":{"rendered":"About Mj\u00e4lloms"},"content":{"rendered":"<p>[et_pb_section fb_built=&#8221;1&#8243; _builder_version=&#8221;4.17.3&#8243; _module_preset=&#8221;default&#8221; background_image=&#8221;https:\/\/mjalloms.se\/wp-content\/uploads\/2022\/05\/samlingsbild_1923_2.jpeg&#8221; min_height=&#8221;50vh&#8221; custom_css_main_element=&#8221;display: flex;&#8221; locked=&#8221;off&#8221; global_colors_info=&#8221;{}&#8221;][et_pb_row custom_padding_last_edited=&#8221;on|phone&#8221; _builder_version=&#8221;4.16&#8243; _module_preset=&#8221;default&#8221; background_color=&#8221;#FFFFFF&#8221; background_image=&#8221;https:\/\/mjalloms.se\/wp-content\/uploads\/2022\/02\/Bakgrund_1366x1366.jpg&#8221; max_width=&#8221;40%&#8221; max_width_tablet=&#8221;100%&#8221; max_width_phone=&#8221;100%&#8221; max_width_last_edited=&#8221;on|phone&#8221; module_alignment=&#8221;left&#8221; custom_margin=&#8221;||||false|false&#8221; custom_padding=&#8221;5vw|5vw|5vw|5vw|false|false&#8221; custom_padding_tablet=&#8221;10vw|10vw|7.5vw|10vw|false|false&#8221; custom_padding_phone=&#8221;10vw|10vw|7.5vw|10vw|false|false&#8221; module_alignment_tablet=&#8221;center&#8221; module_alignment_phone=&#8221;center&#8221; module_alignment_last_edited=&#8221;on|desktop&#8221; border_color_all=&#8221;#000000&#8243; global_colors_info=&#8221;{}&#8221;][et_pb_column type=&#8221;4_4&#8243; _builder_version=&#8221;4.16&#8243; _module_preset=&#8221;default&#8221; global_colors_info=&#8221;{}&#8221;][et_pb_text _builder_version=&#8221;4.17.4&#8243; _module_preset=&#8221;dd3cfd20-3452-4bd4-94f6-e1e0e7a5607c&#8221; global_colors_info=&#8221;{}&#8221;]<\/p>\n<p>About Mj\u00e4lloms<\/p>\n<p>[\/et_pb_text][et_pb_text _builder_version=&#8221;4.17.4&#8243; _module_preset=&#8221;562ff1df-47dc-420b-b5b6-073a9712fcff&#8221; global_colors_info=&#8221;{}&#8221;]<\/p>\n<h1>SWEDEN\u2019S OLDEST FLATBREAD BAKERY SINCE 1923<\/h1>\n<p>[\/et_pb_text][et_pb_text _builder_version=&#8221;4.17.4&#8243; _module_preset=&#8221;default&#8221; text_font=&#8221;Montserrat||||||||&#8221; text_text_color=&#8221;#FFFFFF&#8221; custom_margin=&#8221;||30px||false|false&#8221; global_colors_info=&#8221;{}&#8221;]<\/p>\n<p>Water, flour and hot ovens &#8211; the origin of the classic Swedish flatbread. The origins of the flatbread can be traced back to the High Coast where in 1923, in the small village of Mj\u00e4llom, Mj\u00e4lloms Tunnbr\u00f6d, Sweden&#8217;s oldest flatbread bakery was founded.<\/p>\n<p>[\/et_pb_text][\/et_pb_column][\/et_pb_row][\/et_pb_section][et_pb_section fb_built=&#8221;1&#8243; _builder_version=&#8221;4.16&#8243; _module_preset=&#8221;default&#8221; background_color=&#8221;#fffef7&#8243; custom_padding=&#8221;||16px|||&#8221; global_colors_info=&#8221;{}&#8221;][et_pb_row _builder_version=&#8221;4.16&#8243; _module_preset=&#8221;default&#8221; width=&#8221;100%&#8221; max_width=&#8221;100%&#8221; custom_margin=&#8221;0px|0px|0px|0px|false|false&#8221; custom_padding=&#8221;0px|0px|0px|0px|false|false&#8221; locked=&#8221;off&#8221; global_colors_info=&#8221;{}&#8221;][et_pb_column type=&#8221;4_4&#8243; _builder_version=&#8221;4.16&#8243; _module_preset=&#8221;default&#8221; global_colors_info=&#8221;{}&#8221;][et_pb_image src=&#8221;https:\/\/mjalloms.se\/wp-content\/uploads\/2022\/03\/4_Tobias.svg&#8221; title_text=&#8221;4_Tobias&#8221; disabled_on=&#8221;on|on|off&#8221; _builder_version=&#8221;4.17.3&#8243; _module_preset=&#8221;default&#8221; positioning=&#8221;absolute&#8221; position_origin_a=&#8221;center_right&#8221; horizontal_offset=&#8221;-300px&#8221; width=&#8221;100%&#8221; max_width=&#8221;600px&#8221; custom_margin=&#8221;100px||||false|false&#8221; global_colors_info=&#8221;{}&#8221;][\/et_pb_image][\/et_pb_column][\/et_pb_row][et_pb_row column_structure=&#8221;1_2,1_2&#8243; _builder_version=&#8221;4.17.3&#8243; _module_preset=&#8221;default&#8221; width=&#8221;60%&#8221; global_colors_info=&#8221;{}&#8221;][et_pb_column type=&#8221;1_2&#8243; _builder_version=&#8221;4.17.3&#8243; _module_preset=&#8221;default&#8221; global_colors_info=&#8221;{}&#8221;][et_pb_text _builder_version=&#8221;4.17.4&#8243; _module_preset=&#8221;default&#8221; global_colors_info=&#8221;{}&#8221;]<\/p>\n<h2 style=\"text-align: left;\">About Mj\u00e4lloms Flatbread<\/h2>\n<p>&nbsp;<\/p>\n<p><strong>Our secret: <\/strong>Swedish grains of the highest quality, centuries of craftsmanship and a large dose of passion. We bake everything in our own bakery and baker&#8217;s cottage. Our baking of flatbread follows the same steps as when the first dough was set, completely according to Grandma Ruth&#8217;s recipe, knowledge and tradition.<\/p>\n<h4>For soon 100 years<\/h4>\n<p>we have developed the craft of flatbread baking and delivered moments of joy. Grandma Rut&#8217;s original recipe has been preserved and through our curiosity and knowledge we have developed and preserved the flatbread for generations with knowledgeable bakers. We wonder if Grandma Rut from the bakery in the small town of Mj\u00e4llom in Norrland could imagine that her bread would be a Swedish classic and be awarded prizes by the Gastronomic Academy? Back then, when she provided lumberjacks, factory workers and people in villages along the river with her good bread, packed in wooden boxes. Grandma would probably be proud if she knew that her flatbread, almost 100 years later, is enjoyed both at breakfast tables and in gourmet restaurants.<\/p>\n<p>[\/et_pb_text][\/et_pb_column][et_pb_column type=&#8221;1_2&#8243; _builder_version=&#8221;4.17.3&#8243; _module_preset=&#8221;default&#8221; global_colors_info=&#8221;{}&#8221;][et_pb_text _builder_version=&#8221;4.17.4&#8243; _module_preset=&#8221;default&#8221; hover_enabled=&#8221;0&#8243; global_colors_info=&#8221;{}&#8221; sticky_enabled=&#8221;0&#8243;]<\/p>\n<h4>We still bake<\/h4>\n<p>flatbread in the same oven that we installed in 1946, rolled out in the same rolling mill as back then. During the baking process, we use our own measurements and senses to make the perfect flatbread, all based on Grandma Ruth&#8217;s view of how a flatbread should look and taste. The result is a really good golden-baked flatbread with crispy bubbles.<\/p>\n<h4>We continue<\/h4>\n<p>to keep an open mind to new tempting flavors, trends and delicious recipes. Today, the classic flatbread coexists with gourmet products such as the original 1923 flatbread and flatbread chips. Bread deliveries go not only to the countryside but to the whole of Sweden, Norway and Finland.<\/p>\n<p>If you have not yet tried flatbread, we suggest a crispy flatbread sandwich with a piece of potato, a little cr\u00e8me fraiche and a dash of bleak roe. Or why not a palt-flatbread sandwich with a good p\u00e2t\u00e9 or avocado on it. Of course, it is most delicious with just a dollop of butter.<\/p>\n<h4>Facts<\/h4>\n<p>The main owner of Mj\u00e4lloms Tunnbr\u00f6d is Torbj\u00f6rn Ullsten and as CEO, baker and flatbread trader, he runs Grandma Rut&#8217;s bakery together with the family. The company has 17 employees and a turnover of 30 million.<\/p>\n<p>[\/et_pb_text][\/et_pb_column][\/et_pb_row][\/et_pb_section]<\/p>\n","protected":false},"excerpt":{"rendered":"<p>About Mj\u00e4llomsSWEDEN\u2019S OLDEST FLATBREAD BAKERY SINCE 1923Water, flour and hot ovens &#8211; the origin of the classic Swedish flatbread. The origins of the flatbread can be traced back to the High Coast where in 1923, in the small village of Mj\u00e4llom, Mj\u00e4lloms Tunnbr\u00f6d, Sweden&#8217;s oldest flatbread bakery was founded.About Mj\u00e4lloms Flatbread &nbsp; Our secret: Swedish [&hellip;]<\/p>\n","protected":false},"author":8,"featured_media":1843,"parent":0,"menu_order":0,"comment_status":"closed","ping_status":"closed","template":"","meta":{"_acf_changed":false,"_et_pb_use_builder":"on","_et_pb_old_content":"","_et_gb_content_width":"","footnotes":""},"class_list":["post-1842","page","type-page","status-publish","has-post-thumbnail","hentry"],"acf":[],"yoast_head":"<!-- This site is optimized with the Yoast SEO plugin v27.4 - https:\/\/yoast.com\/product\/yoast-seo-wordpress\/ -->\n<title>About Mj\u00e4lloms - Mj\u00e4lloms Tunnbr\u00f6d<\/title>\n<meta name=\"description\" content=\"Tunnbr\u00f6dets historia g\u00e5r att sp\u00e5ra till H\u00f6ga Kusten och h\u00e4r, i den lilla byn Mj\u00e4llom grundades 1923 Sveriges \u00e4ldsta tunnbr\u00f6dbageri, Mj\u00e4lloms Tunnbr\u00f6d.\" \/>\n<meta name=\"robots\" content=\"index, follow, max-snippet:-1, max-image-preview:large, max-video-preview:-1\" \/>\n<link rel=\"canonical\" href=\"https:\/\/mjalloms.se\/en\/about-mjalloms\/\" \/>\n<meta property=\"og:locale\" content=\"en_US\" \/>\n<meta property=\"og:type\" content=\"article\" \/>\n<meta property=\"og:title\" content=\"About Mj\u00e4lloms - Mj\u00e4lloms Tunnbr\u00f6d\" \/>\n<meta property=\"og:description\" content=\"Tunnbr\u00f6dets historia g\u00e5r att sp\u00e5ra till H\u00f6ga Kusten och h\u00e4r, i den lilla byn Mj\u00e4llom grundades 1923 Sveriges \u00e4ldsta tunnbr\u00f6dbageri, Mj\u00e4lloms Tunnbr\u00f6d.\" \/>\n<meta property=\"og:url\" content=\"https:\/\/mjalloms.se\/en\/about-mjalloms\/\" \/>\n<meta property=\"og:site_name\" content=\"Mj\u00e4lloms Tunnbr\u00f6d\" \/>\n<meta property=\"article:modified_time\" content=\"2022-06-29T14:25:17+00:00\" \/>\n<meta property=\"og:image\" content=\"https:\/\/mjalloms.se\/wp-content\/uploads\/2022\/03\/Sigill.png\" \/>\n\t<meta property=\"og:image:width\" content=\"507\" \/>\n\t<meta property=\"og:image:height\" content=\"576\" \/>\n\t<meta property=\"og:image:type\" content=\"image\/png\" \/>\n<meta name=\"twitter:card\" content=\"summary_large_image\" \/>\n<meta name=\"twitter:label1\" content=\"Est. reading time\" \/>\n\t<meta name=\"twitter:data1\" content=\"4 minutes\" \/>\n<script type=\"application\/ld+json\" class=\"yoast-schema-graph\">{\"@context\":\"https:\\\/\\\/schema.org\",\"@graph\":[{\"@type\":\"WebPage\",\"@id\":\"https:\\\/\\\/mjalloms.se\\\/en\\\/about-mjalloms\\\/\",\"url\":\"https:\\\/\\\/mjalloms.se\\\/en\\\/about-mjalloms\\\/\",\"name\":\"About Mj\u00e4lloms - Mj\u00e4lloms Tunnbr\u00f6d\",\"isPartOf\":{\"@id\":\"https:\\\/\\\/mjalloms.se\\\/#website\"},\"primaryImageOfPage\":{\"@id\":\"https:\\\/\\\/mjalloms.se\\\/en\\\/about-mjalloms\\\/#primaryimage\"},\"image\":{\"@id\":\"https:\\\/\\\/mjalloms.se\\\/en\\\/about-mjalloms\\\/#primaryimage\"},\"thumbnailUrl\":\"https:\\\/\\\/mjalloms.se\\\/wp-content\\\/uploads\\\/2022\\\/03\\\/Sigill.png\",\"datePublished\":\"2022-03-09T12:18:31+00:00\",\"dateModified\":\"2022-06-29T14:25:17+00:00\",\"description\":\"Tunnbr\u00f6dets historia g\u00e5r att sp\u00e5ra till H\u00f6ga Kusten och h\u00e4r, i den lilla byn Mj\u00e4llom grundades 1923 Sveriges \u00e4ldsta tunnbr\u00f6dbageri, Mj\u00e4lloms Tunnbr\u00f6d.\",\"breadcrumb\":{\"@id\":\"https:\\\/\\\/mjalloms.se\\\/en\\\/about-mjalloms\\\/#breadcrumb\"},\"inLanguage\":\"en-US\",\"potentialAction\":[{\"@type\":\"ReadAction\",\"target\":[\"https:\\\/\\\/mjalloms.se\\\/en\\\/about-mjalloms\\\/\"]}]},{\"@type\":\"ImageObject\",\"inLanguage\":\"en-US\",\"@id\":\"https:\\\/\\\/mjalloms.se\\\/en\\\/about-mjalloms\\\/#primaryimage\",\"url\":\"https:\\\/\\\/mjalloms.se\\\/wp-content\\\/uploads\\\/2022\\\/03\\\/Sigill.png\",\"contentUrl\":\"https:\\\/\\\/mjalloms.se\\\/wp-content\\\/uploads\\\/2022\\\/03\\\/Sigill.png\",\"width\":507,\"height\":576},{\"@type\":\"BreadcrumbList\",\"@id\":\"https:\\\/\\\/mjalloms.se\\\/en\\\/about-mjalloms\\\/#breadcrumb\",\"itemListElement\":[{\"@type\":\"ListItem\",\"position\":1,\"name\":\"Hem\",\"item\":\"https:\\\/\\\/mjalloms.se\\\/en\\\/\"},{\"@type\":\"ListItem\",\"position\":2,\"name\":\"About Mj\u00e4lloms\"}]},{\"@type\":\"WebSite\",\"@id\":\"https:\\\/\\\/mjalloms.se\\\/#website\",\"url\":\"https:\\\/\\\/mjalloms.se\\\/\",\"name\":\"Mj\u00e4lloms Tunnbr\u00f6d\",\"description\":\"\",\"potentialAction\":[{\"@type\":\"SearchAction\",\"target\":{\"@type\":\"EntryPoint\",\"urlTemplate\":\"https:\\\/\\\/mjalloms.se\\\/?s={search_term_string}\"},\"query-input\":{\"@type\":\"PropertyValueSpecification\",\"valueRequired\":true,\"valueName\":\"search_term_string\"}}],\"inLanguage\":\"en-US\"}]}<\/script>\n<!-- \/ Yoast SEO plugin. -->","yoast_head_json":{"title":"About Mj\u00e4lloms - Mj\u00e4lloms Tunnbr\u00f6d","description":"Tunnbr\u00f6dets historia g\u00e5r att sp\u00e5ra till H\u00f6ga Kusten och h\u00e4r, i den lilla byn Mj\u00e4llom grundades 1923 Sveriges \u00e4ldsta tunnbr\u00f6dbageri, Mj\u00e4lloms Tunnbr\u00f6d.","robots":{"index":"index","follow":"follow","max-snippet":"max-snippet:-1","max-image-preview":"max-image-preview:large","max-video-preview":"max-video-preview:-1"},"canonical":"https:\/\/mjalloms.se\/en\/about-mjalloms\/","og_locale":"en_US","og_type":"article","og_title":"About Mj\u00e4lloms - Mj\u00e4lloms Tunnbr\u00f6d","og_description":"Tunnbr\u00f6dets historia g\u00e5r att sp\u00e5ra till H\u00f6ga Kusten och h\u00e4r, i den lilla byn Mj\u00e4llom grundades 1923 Sveriges \u00e4ldsta tunnbr\u00f6dbageri, Mj\u00e4lloms Tunnbr\u00f6d.","og_url":"https:\/\/mjalloms.se\/en\/about-mjalloms\/","og_site_name":"Mj\u00e4lloms Tunnbr\u00f6d","article_modified_time":"2022-06-29T14:25:17+00:00","og_image":[{"width":507,"height":576,"url":"https:\/\/mjalloms.se\/wp-content\/uploads\/2022\/03\/Sigill.png","type":"image\/png"}],"twitter_card":"summary_large_image","twitter_misc":{"Est. reading time":"4 minutes"},"schema":{"@context":"https:\/\/schema.org","@graph":[{"@type":"WebPage","@id":"https:\/\/mjalloms.se\/en\/about-mjalloms\/","url":"https:\/\/mjalloms.se\/en\/about-mjalloms\/","name":"About Mj\u00e4lloms - Mj\u00e4lloms Tunnbr\u00f6d","isPartOf":{"@id":"https:\/\/mjalloms.se\/#website"},"primaryImageOfPage":{"@id":"https:\/\/mjalloms.se\/en\/about-mjalloms\/#primaryimage"},"image":{"@id":"https:\/\/mjalloms.se\/en\/about-mjalloms\/#primaryimage"},"thumbnailUrl":"https:\/\/mjalloms.se\/wp-content\/uploads\/2022\/03\/Sigill.png","datePublished":"2022-03-09T12:18:31+00:00","dateModified":"2022-06-29T14:25:17+00:00","description":"Tunnbr\u00f6dets historia g\u00e5r att sp\u00e5ra till H\u00f6ga Kusten och h\u00e4r, i den lilla byn Mj\u00e4llom grundades 1923 Sveriges \u00e4ldsta tunnbr\u00f6dbageri, Mj\u00e4lloms Tunnbr\u00f6d.","breadcrumb":{"@id":"https:\/\/mjalloms.se\/en\/about-mjalloms\/#breadcrumb"},"inLanguage":"en-US","potentialAction":[{"@type":"ReadAction","target":["https:\/\/mjalloms.se\/en\/about-mjalloms\/"]}]},{"@type":"ImageObject","inLanguage":"en-US","@id":"https:\/\/mjalloms.se\/en\/about-mjalloms\/#primaryimage","url":"https:\/\/mjalloms.se\/wp-content\/uploads\/2022\/03\/Sigill.png","contentUrl":"https:\/\/mjalloms.se\/wp-content\/uploads\/2022\/03\/Sigill.png","width":507,"height":576},{"@type":"BreadcrumbList","@id":"https:\/\/mjalloms.se\/en\/about-mjalloms\/#breadcrumb","itemListElement":[{"@type":"ListItem","position":1,"name":"Hem","item":"https:\/\/mjalloms.se\/en\/"},{"@type":"ListItem","position":2,"name":"About Mj\u00e4lloms"}]},{"@type":"WebSite","@id":"https:\/\/mjalloms.se\/#website","url":"https:\/\/mjalloms.se\/","name":"Mj\u00e4lloms Tunnbr\u00f6d","description":"","potentialAction":[{"@type":"SearchAction","target":{"@type":"EntryPoint","urlTemplate":"https:\/\/mjalloms.se\/?s={search_term_string}"},"query-input":{"@type":"PropertyValueSpecification","valueRequired":true,"valueName":"search_term_string"}}],"inLanguage":"en-US"}]}},"_links":{"self":[{"href":"https:\/\/mjalloms.se\/en\/wp-json\/wp\/v2\/pages\/1842","targetHints":{"allow":["GET"]}}],"collection":[{"href":"https:\/\/mjalloms.se\/en\/wp-json\/wp\/v2\/pages"}],"about":[{"href":"https:\/\/mjalloms.se\/en\/wp-json\/wp\/v2\/types\/page"}],"author":[{"embeddable":true,"href":"https:\/\/mjalloms.se\/en\/wp-json\/wp\/v2\/users\/8"}],"replies":[{"embeddable":true,"href":"https:\/\/mjalloms.se\/en\/wp-json\/wp\/v2\/comments?post=1842"}],"version-history":[{"count":4,"href":"https:\/\/mjalloms.se\/en\/wp-json\/wp\/v2\/pages\/1842\/revisions"}],"predecessor-version":[{"id":1854,"href":"https:\/\/mjalloms.se\/en\/wp-json\/wp\/v2\/pages\/1842\/revisions\/1854"}],"wp:featuredmedia":[{"embeddable":true,"href":"https:\/\/mjalloms.se\/en\/wp-json\/wp\/v2\/media\/1843"}],"wp:attachment":[{"href":"https:\/\/mjalloms.se\/en\/wp-json\/wp\/v2\/media?parent=1842"}],"curies":[{"name":"wp","href":"https:\/\/api.w.org\/{rel}","templated":true}]}}